{"id":100219,"date":"2024-11-20T20:56:01","date_gmt":"2024-11-20T20:56:01","guid":{"rendered":"https:\/\/nuevo.etisa.com.mx\/?page_id=100219"},"modified":"2024-12-28T15:13:36","modified_gmt":"2024-12-28T21:13:36","slug":"blog","status":"publish","type":"page","link":"https:\/\/etisa.com.mx\/es\/blog\/","title":{"rendered":"BLOG"},"content":{"rendered":"<body><p>[et_pb_section fb_built=\u201d1\u2033 fullwidth=\u201don\u201d admin_label=\u201dInterior Hero\u201d module_class=\u201dsfly_interior_hero_1 sfly_marketing\u201d _builder_version=\u201d4.16\u2033 background_color=\u201d#000000\u2033 saved_tabs=\u201dall\u201d locked=\u201doff\u201d global_colors_info=\u201d{}\u201d][et_pb_fullwidth_header title=\u201dETISA: Insights\u201d text_orientation=\u201dcenter\u201d background_overlay_color=\u201drgba(0,0,0,0.5)\u201d module_class=\u201dsfly_fullwidth_header\u201d _builder_version=\u201d4.27.3\u2033 title_level=\u201dh4\u2033 title_font=\u201d|700|||||||\u201d title_font_size=\u201d48px\u201d content_font=\u201d||||||||\u201d content_font_size=\u201d18px\u201d subhead_font=\u201d||||||||\u201d background_image=\u201dhttps:\/\/etisa.com.mx\/wp-content\/uploads\/2024\/11\/bridge-2.jpg\u201d background_position=\u201dbottom_center\u201d custom_button_one=\u201don\u201d button_one_text_color=\u201d#000000\u2033 button_one_bg_color=\u201d#ffffff\u201d button_one_border_color=\u201d#ffffff\u201d button_one_font=\u201d|700|||||||\u201d button_one_use_icon=\u201doff\u201d custom_button_two=\u201don\u201d button_two_font=\u201d|700|||||||\u201d button_two_use_icon=\u201doff\u201d custom_padding=\u201d60px||50px||false\u201d animation_style=\u201dfade\u201d title_font_size_tablet=\u201d36px\u201d title_font_size_phone=\u201d24px\u201d title_font_size_last_edited=\u201don|desktop\u201d button_one_text_color_hover=\u201d#ffffff\u201d button_two_text_color_hover=\u201d#ffffff\u201d button_one_border_color_hover=\u201d#ffffff\u201d button_two_border_color_hover=\u201d#ffffff\u201d button_one_bg_color_hover=\u201drgba(255,255,255,0)\u201d button_two_bg_color_hover=\u201drgba(0,0,0,0)\u201d global_colors_info=\u201d{}\u201d button_one_text_size__hover_enabled=\u201doff\u201d button_two_text_size__hover_enabled=\u201doff\u201d button_one_text_color__hover_enabled=\u201don\u201d button_one_text_color__hover=\u201d#ffffff\u201d button_two_text_color__hover_enabled=\u201don\u201d button_two_text_color__hover=\u201d#ffffff\u201d button_one_border_width__hover_enabled=\u201doff\u201d button_two_border_width__hover_enabled=\u201doff\u201d button_one_border_color__hover_enabled=\u201don\u201d button_one_border_color__hover=\u201d#ffffff\u201d button_two_border_color__hover_enabled=\u201don\u201d button_two_border_color__hover=\u201d#ffffff\u201d button_one_border_radius__hover_enabled=\u201doff\u201d button_two_border_radius__hover_enabled=\u201doff\u201d button_one_letter_spacing__hover_enabled=\u201doff\u201d button_two_letter_spacing__hover_enabled=\u201doff\u201d button_one_bg_color__hover_enabled=\u201don\u201d button_one_bg_color__hover=\u201drgba(255,255,255,0)\u201d button_two_bg_color__hover_enabled=\u201don\u201d button_two_bg_color__hover=\u201drgba(0,0,0,0)\u201d]<\/p>\n<h6>News &amp; Updates<\/h6>\n<p>[\/et_pb_fullwidth_header][\/et_pb_section][et_pb_section fb_built=\u201d1\u2033 admin_label=\u201dPage Explanation\u201d _builder_version=\u201d4.16\u2033 background_color=\u201d#f2f2f2\u2033 locked=\u201doff\u201d global_colors_info=\u201d{}\u201d][et_pb_row _builder_version=\u201d4.16\u2033 custom_padding=\u201d0px||0px||true\u201d global_colors_info=\u201d{}\u201d][et_pb_column type=\u201d4_4\u2033 _builder_version=\u201d4.16\u2033 custom_padding=\u201d|||\u201d global_colors_info=\u201d{}\u201d custom_padding__hover=\u201d|||\u201d][et_pb_text quote_border_weight=\u201d0px\u201d quote_border_color=\u201drgba(0,0,0,0)\u201d _builder_version=\u201d4.27.3\u2033 text_font=\u201d||||||||\u201d link_font=\u201d|100|||on|||#000000|\u201d link_text_color=\u201d#000000\u2033 quote_font=\u201dPlayfair Display||on||||||\u201d quote_text_color=\u201d#000000\u2033 quote_line_height=\u201d1.3em\u201d header_font=\u201d|700|||||||\u201d header_2_font=\u201d|700|||||||\u201d header_3_font=\u201d|700|||||||\u201d header_3_text_color=\u201d#000000\u2033 header_4_letter_spacing=\u201d12px\u201d header_5_font=\u201d|300|||||||\u201d header_5_text_color=\u201d#bfbfbf\u201d header_5_letter_spacing=\u201d12px\u201d header_6_font=\u201d|700|||||||\u201d header_6_letter_spacing=\u201d12px\u201d max_width=\u201d600px\u201d module_alignment=\u201dcenter\u201d custom_margin_tablet=\u201d\u201d custom_margin_phone=\u201d\u201d custom_margin_last_edited=\u201don|tablet\u201d quote_font_size_tablet=\u201d\u201d quote_font_size_phone=\u201d\u201d quote_font_size_last_edited=\u201don|desktop\u201d saved_tabs=\u201dall\u201d locked=\u201doff\u201d global_colors_info=\u201d{}\u201d]<\/p>\n<blockquote>\n<p>Inquiring deeper.<\/p>\n<\/blockquote>\n<p><span>We focus on asking impactful questions that drive innovative answers to the most complex problems in the digital space.<\/span><\/p>\n<p>[\/et_pb_text][\/et_pb_column][\/et_pb_row][\/et_pb_section][et_pb_section fb_built=\u201d1\u2033 admin_label=\u201dCTA 4\u2033 module_class=\u201dsfly_cta sfly_cta_4 sfly_marketing\u201d _builder_version=\u201d4.27.3\u2033 background_color=\u201d#000000\u2033 custom_padding=\u201d0px||0px||true\u201d locked=\u201doff\u201d global_colors_info=\u201d{}\u201d][et_pb_row use_custom_gutter=\u201don\u201d gutter_width=\u201d1\u2033 module_class=\u201d et_pb_row_fullwidth\u201d _builder_version=\u201d4.16\u2033 width=\u201d100%\u201d width_tablet=\u201d100%\u201d width_phone=\u201d100%\u201d width_last_edited=\u201don|desktop\u201d max_width=\u201d100%\u201d max_width_tablet=\u201d100%\u201d max_width_phone=\u201d100%\u201d max_width_last_edited=\u201don|desktop\u201d custom_padding=\u201d0px||0px||true\u201d make_fullwidth=\u201don\u201d global_colors_info=\u201d{}\u201d][et_pb_column type=\u201d4_4\u2033 _builder_version=\u201d4.16\u2033 custom_padding=\u201d|||\u201d global_colors_info=\u201d{}\u201d custom_padding__hover=\u201d|||\u201d][et_pb_text _builder_version=\u201d4.27.4\u2033 text_font=\u201d||||||||\u201d header_font=\u201d||||||||\u201d header_3_font=\u201d|700|||||||\u201d text_orientation=\u201dcenter\u201d background_layout=\u201ddark\u201d height=\u201d100px\u201d custom_margin=\u201d|||\u201d custom_padding=\u201d25px||25px||true|false\u201d link_option_url=\u201d#contact\u201d global_colors_info=\u201d{}\u201d]<\/p>\n<h3><\/h3>\n<h3>BOOK A MEETING<\/h3>\n<p>\u00a0<\/p>\n<p>[\/et_pb_text][\/et_pb_column][\/et_pb_row][\/et_pb_section][et_pb_section fb_built=\u201d1\u2033 fullwidth=\u201don\u201d _builder_version=\u201d4.27.3\u2033 _module_preset=\u201ddefault\u201d global_colors_info=\u201d{}\u201d][\/et_pb_section][et_pb_section fb_built=\u201d1\u2033 admin_label=\u201dBlog 3\u2033 module_class=\u201dsfly_blog sfly_blog_3\u2033 _builder_version=\u201d4.16\u2033 custom_padding=\u201d|||\u201d locked=\u201doff\u201d global_colors_info=\u201d{}\u201d][et_pb_row _builder_version=\u201d4.16\u2033 custom_padding=\u201d|||\u201d global_colors_info=\u201d{}\u201d][et_pb_column type=\u201d4_4\u2033 _builder_version=\u201d4.16\u2033 custom_padding=\u201d|||\u201d global_colors_info=\u201d{}\u201d custom_padding__hover=\u201d|||\u201d][et_pb_blog posts_number=\u201d3\u2033 show_more=\u201don\u201d show_author=\u201doff\u201d show_pagination=\u201doff\u201d use_overlay=\u201don\u201d overlay_icon_color=\u201d#ffffff\u201d hover_overlay_color=\u201drgba(0,0,0,0.9)\u201d hover_icon=\u201dL||divi||400\u2033 _builder_version=\u201d4.27.4\u2033 header_font=\u201d|700|||||||\u201d header_font_size=\u201d36px\u201d meta_font=\u201d||||||||\u201d meta_text_color=\u201d#8c8c8c\u201d max_width=\u201d900px\u201d module_alignment=\u201dcenter\u201d custom_margin=\u201d|||\u201d custom_padding=\u201d|||\u201d animation_style=\u201dfade\u201d header_font_size_tablet=\u201d30px\u201d header_font_size_phone=\u201d\u201d header_font_size_last_edited=\u201don|tablet\u201d border_color_all=\u201d#f2f2f2\u2033 global_colors_info=\u201d{}\u201d][\/et_pb_blog][\/et_pb_column][\/et_pb_row][\/et_pb_section][et_pb_section fb_built=\u201d1\u2033 admin_label=\u201dContact 6\u2033 module_id=\u201dcontact\u201d module_class=\u201dsfly_contact sfly_contact_6\u2033 _builder_version=\u201d4.27.4\u2033 custom_padding=\u201d||0px|\u201d locked=\u201doff\u201d global_colors_info=\u201d{}\u201d][et_pb_row column_structure=\u201d1_2,1_2\u2033 custom_padding_last_edited=\u201don|desktop\u201d _builder_version=\u201d4.16\u2033 custom_padding_tablet=\u201d\u201d custom_padding_phone=\u201d\u201d global_colors_info=\u201d{}\u201d][et_pb_column type=\u201d1_2\u2033 module_class=\u201dcolumn1\u2033 _builder_version=\u201d4.16\u2033 custom_padding=\u201d|||\u201d custom_padding_tablet=\u201d||35px|\u201d custom_padding_phone=\u201d||35px|\u201d custom_padding_last_edited=\u201don|tablet\u201d global_colors_info=\u201d{}\u201d padding_tablet=\u201d||35px|\u201d padding_last_edited=\u201don|tablet\u201d custom_padding__hover=\u201d|||\u201d padding_phone=\u201d||35px|\u201d][et_pb_text quote_border_weight=\u201d0px\u201d quote_border_color=\u201drgba(0,0,0,0)\u201d _builder_version=\u201d4.27.4\u2033 text_font=\u201d||||||||\u201d link_font=\u201d|100|||on|||#000000|\u201d link_text_color=\u201d#000000\u2033 quote_font=\u201dPlayfair Display||on||||||\u201d quote_text_color=\u201d#000000\u2033 quote_line_height=\u201d1.3em\u201d header_font=\u201d|700|||||||\u201d header_2_font=\u201d|700|||||||\u201d header_3_font=\u201d|700|||||||\u201d header_3_text_color=\u201d#000000\u2033 header_4_letter_spacing=\u201d12px\u201d header_5_font=\u201d|300|||||||\u201d header_5_text_color=\u201d#bfbfbf\u201d header_5_letter_spacing=\u201d12px\u201d header_6_font=\u201d|700|||||||\u201d header_6_letter_spacing=\u201d12px\u201d module_alignment=\u201dleft\u201d custom_margin_tablet=\u201d|||\u201d custom_margin_phone=\u201d\u201d custom_margin_last_edited=\u201don|tablet\u201d custom_padding=\u201d|||\u201d animation_style=\u201dfade\u201d quote_font_size_tablet=\u201d\u201d quote_font_size_phone=\u201d\u201d quote_font_size_last_edited=\u201don|desktop\u201d saved_tabs=\u201dall\u201d locked=\u201doff\u201d global_colors_info=\u201d{}\u201d]<\/p>\n<h3>Transform your business<\/h3>\n<p><span>Ready to elevate your tech projects? Schedule a call with us today! <\/span><\/p>\n<p><span>Whether you have specific questions, need guidance on your next big idea, or want to explore how our solutions can drive your business forward, we\u2019re here to help. <\/span><\/p>\n<p><span>At ETISA we are dedicated to understanding your unique needs and providing tailored insights to ensure your success.<\/span><\/p>\n<p>[\/et_pb_text][\/et_pb_column][et_pb_column type=\u201d1_2\u2033 module_class=\u201dcolumn2\u2033 _builder_version=\u201d4.16\u2033 custom_padding=\u201d|||\u201d custom_padding_tablet=\u201d||35px|\u201d custom_padding_phone=\u201d||35px|\u201d custom_padding_last_edited=\u201don|tablet\u201d global_colors_info=\u201d{}\u201d padding_tablet=\u201d||35px|\u201d padding_last_edited=\u201don|tablet\u201d custom_padding__hover=\u201d|||\u201d padding_phone=\u201d||35px|\u201d][et_pb_contact_form use_spam_service=\u201don\u201d recaptcha_list=\u201dEtisa|Etisa-0\u2033 email=\u201dventas@etisa.com.mx\u201d module_id=\u201det_pb_contact_form_0\u2033 _builder_version=\u201d4.27.4\u2033 form_field_font=\u201d||||||||\u201d custom_button=\u201don\u201d button_font=\u201d|600|||||||\u201d button_use_icon=\u201doff\u201d animation_style=\u201dfade\u201d animation_delay=\u201d500ms\u201d hover_enabled=\u201d0\u2033 global_colors_info=\u201d{}\u201d sticky_enabled=\u201d0\u2033][et_pb_contact_field field_id=\u201dName\u201d field_title=\u201dName\u201d _builder_version=\u201d4.16\u2033 global_colors_info=\u201d{}\u201d button_text_size__hover_enabled=\u201doff\u201d button_one_text_size__hover_enabled=\u201doff\u201d button_two_text_size__hover_enabled=\u201doff\u201d button_text_color__hover_enabled=\u201doff\u201d button_one_text_color__hover_enabled=\u201doff\u201d button_two_text_color__hover_enabled=\u201doff\u201d button_border_width__hover_enabled=\u201doff\u201d button_one_border_width__hover_enabled=\u201doff\u201d button_two_border_width__hover_enabled=\u201doff\u201d button_border_color__hover_enabled=\u201doff\u201d button_one_border_color__hover_enabled=\u201doff\u201d button_two_border_color__hover_enabled=\u201doff\u201d button_border_radius__hover_enabled=\u201doff\u201d button_one_border_radius__hover_enabled=\u201doff\u201d button_two_border_radius__hover_enabled=\u201doff\u201d button_letter_spacing__hover_enabled=\u201doff\u201d button_one_letter_spacing__hover_enabled=\u201doff\u201d button_two_letter_spacing__hover_enabled=\u201doff\u201d button_bg_color__hover_enabled=\u201doff\u201d button_one_bg_color__hover_enabled=\u201doff\u201d button_two_bg_color__hover_enabled=\u201doff\u201d][\/et_pb_contact_field][et_pb_contact_field field_id=\u201dEmail\u201d field_title=\u201dEmail Address\u201d field_type=\u201demail\u201d _builder_version=\u201d4.16\u2033 global_colors_info=\u201d{}\u201d button_text_size__hover_enabled=\u201doff\u201d button_one_text_size__hover_enabled=\u201doff\u201d button_two_text_size__hover_enabled=\u201doff\u201d button_text_color__hover_enabled=\u201doff\u201d button_one_text_color__hover_enabled=\u201doff\u201d button_two_text_color__hover_enabled=\u201doff\u201d button_border_width__hover_enabled=\u201doff\u201d button_one_border_width__hover_enabled=\u201doff\u201d button_two_border_width__hover_enabled=\u201doff\u201d button_border_color__hover_enabled=\u201doff\u201d button_one_border_color__hover_enabled=\u201doff\u201d button_two_border_color__hover_enabled=\u201doff\u201d button_border_radius__hover_enabled=\u201doff\u201d button_one_border_radius__hover_enabled=\u201doff\u201d button_two_border_radius__hover_enabled=\u201doff\u201d button_letter_spacing__hover_enabled=\u201doff\u201d button_one_letter_spacing__hover_enabled=\u201doff\u201d button_two_letter_spacing__hover_enabled=\u201doff\u201d button_bg_color__hover_enabled=\u201doff\u201d button_one_bg_color__hover_enabled=\u201doff\u201d button_two_bg_color__hover_enabled=\u201doff\u201d][\/et_pb_contact_field][et_pb_contact_field field_id=\u201dPhone\u201d field_title=\u201dPhone\u201d required_mark=\u201doff\u201d fullwidth_field=\u201don\u201d _builder_version=\u201d4.16\u2033 global_colors_info=\u201d{}\u201d button_text_size__hover_enabled=\u201doff\u201d button_one_text_size__hover_enabled=\u201doff\u201d button_two_text_size__hover_enabled=\u201doff\u201d button_text_color__hover_enabled=\u201doff\u201d button_one_text_color__hover_enabled=\u201doff\u201d button_two_text_color__hover_enabled=\u201doff\u201d button_border_width__hover_enabled=\u201doff\u201d button_one_border_width__hover_enabled=\u201doff\u201d button_two_border_width__hover_enabled=\u201doff\u201d button_border_color__hover_enabled=\u201doff\u201d button_one_border_color__hover_enabled=\u201doff\u201d button_two_border_color__hover_enabled=\u201doff\u201d button_border_radius__hover_enabled=\u201doff\u201d button_one_border_radius__hover_enabled=\u201doff\u201d button_two_border_radius__hover_enabled=\u201doff\u201d button_letter_spacing__hover_enabled=\u201doff\u201d button_one_letter_spacing__hover_enabled=\u201doff\u201d button_two_letter_spacing__hover_enabled=\u201doff\u201d button_bg_color__hover_enabled=\u201doff\u201d button_one_bg_color__hover_enabled=\u201doff\u201d button_two_bg_color__hover_enabled=\u201doff\u201d][\/et_pb_contact_field][et_pb_contact_field field_id=\u201dMessage\u201d field_title=\u201dMessage \/ Questions?\u201d field_type=\u201dtext\u201d fullwidth_field=\u201don\u201d _builder_version=\u201d4.16\u2033 global_colors_info=\u201d{}\u201d button_text_size__hover_enabled=\u201doff\u201d button_one_text_size__hover_enabled=\u201doff\u201d button_two_text_size__hover_enabled=\u201doff\u201d button_text_color__hover_enabled=\u201doff\u201d button_one_text_color__hover_enabled=\u201doff\u201d button_two_text_color__hover_enabled=\u201doff\u201d button_border_width__hover_enabled=\u201doff\u201d button_one_border_width__hover_enabled=\u201doff\u201d button_two_border_width__hover_enabled=\u201doff\u201d button_border_color__hover_enabled=\u201doff\u201d button_one_border_color__hover_enabled=\u201doff\u201d button_two_border_color__hover_enabled=\u201doff\u201d button_border_radius__hover_enabled=\u201doff\u201d button_one_border_radius__hover_enabled=\u201doff\u201d button_two_border_radius__hover_enabled=\u201doff\u201d button_letter_spacing__hover_enabled=\u201doff\u201d button_one_letter_spacing__hover_enabled=\u201doff\u201d button_two_letter_spacing__hover_enabled=\u201doff\u201d button_bg_color__hover_enabled=\u201doff\u201d button_one_bg_color__hover_enabled=\u201doff\u201d button_two_bg_color__hover_enabled=\u201doff\u201d][\/et_pb_contact_field][\/et_pb_contact_form][\/et_pb_column][\/et_pb_row][et_pb_row use_custom_gutter=\u201don\u201d gutter_width=\u201d1\u2033 module_class=\u201d et_pb_row_fullwidth\u201d _builder_version=\u201d4.16\u2033 width=\u201d100%\u201d width_tablet=\u201d100%\u201d width_phone=\u201d100%\u201d width_last_edited=\u201don|desktop\u201d max_width=\u201d100%\u201d max_width_tablet=\u201d100%\u201d max_width_phone=\u201d100%\u201d max_width_last_edited=\u201don|desktop\u201d custom_padding=\u201d0px||0px||true\u201d make_fullwidth=\u201don\u201d global_colors_info=\u201d{}\u201d][et_pb_column type=\u201d4_4\u2033 _builder_version=\u201d4.16\u2033 custom_padding=\u201d|||\u201d global_colors_info=\u201d{}\u201d custom_padding__hover=\u201d|||\u201d][et_pb_map address=\u201dCorporativo Prisma, Av. Insurgentes Sur 1647, San Jos\u00e9 Insurgentes, Benito Ju\u00e1rez, 03900 Ciudad de M\u00e9xico, CDMX, M\u00e9xico\u201d address_lat=\u201d19.362705427\u2033 address_lng=\u201d-99.183056072353\u2033 mouse_wheel=\u201doff\u201d use_grayscale_filter=\u201don\u201d grayscale_filter_amount=\u201d100\u2033 _builder_version=\u201d4.27.4\u2033 background_color=\u201dRGBA(255,255,255,0)\u201d animation_style=\u201dfade\u201d animation_delay=\u201d750ms\u201d link_option_url=\u201dhttps:\/\/maps.app.goo.gl\/RsDaMCieFKB9Ye8m8\u2033 locked=\u201doff\u201d global_colors_info=\u201d{}\u201d][et_pb_map_pin title=\u201dETISA\u201d pin_address=\u201dCorporativo Prisma, Av. Insurgentes Sur 1647, San Jos\u00e9 Insurgentes, Benito Ju\u00e1rez, 03900 Ciudad de M\u00e9xico, CDMX, M\u00e9xico\u201d zoom_level=\u201d16\u2033 pin_address_lat=\u201d19.36267\u2033 pin_address_lng=\u201d-99.1833082\u2033 _builder_version=\u201d4.27.4\u2033 global_colors_info=\u201d{}\u201d][\/et_pb_map_pin][et_pb_map_pin title=\u201dETISA HEAD OFFICE\u201d pin_address=\u201dAv. Insurgentes Sur 1647-Piso 2 Oficina 224A, San Jos\u00e9 Insurgentes, Benito Ju\u00e1rez, 03900 Ciudad de M\u00e9xico, CDMX\u201d zoom_level=\u201d22\u2033 _builder_version=\u201d4.27.4\u2033 _module_preset=\u201ddefault\u201d global_colors_info=\u201d{}\u201d][\/et_pb_map_pin][\/et_pb_map][\/et_pb_column][\/et_pb_row][\/et_pb_section]<\/p>\n<\/body>","protected":false},"excerpt":{"rendered":"<p>News &amp; Updates Inquiring deeper. We focus on asking impactful questions that drive innovative answers to the most complex problems in the digital space. BOOK A MEETING &nbsp;Transform your business Ready to elevate your tech projects? Schedule a call with us today! Whether you have specific questions, need guidance on your next big idea, or [&hellip;]<\/p>\n","protected":false},"author":1,"featured_media":0,"parent":0,"menu_order":0,"comment_status":"closed","ping_status":"closed","template":"","meta":{"_et_pb_use_builder":"on","_et_pb_old_content":"<!-- wp:divi\/placeholder \/-->","_et_gb_content_width":"","content-type":"","footnotes":""},"class_list":["post-100219","page","type-page","status-publish","hentry"],"jetpack_sharing_enabled":true,"_links":{"self":[{"href":"https:\/\/etisa.com.mx\/es\/wp-json\/wp\/v2\/pages\/100219","targetHints":{"allow":["GET"]}}],"collection":[{"href":"https:\/\/etisa.com.mx\/es\/wp-json\/wp\/v2\/pages"}],"about":[{"href":"https:\/\/etisa.com.mx\/es\/wp-json\/wp\/v2\/types\/page"}],"author":[{"embeddable":true,"href":"https:\/\/etisa.com.mx\/es\/wp-json\/wp\/v2\/users\/1"}],"replies":[{"embeddable":true,"href":"https:\/\/etisa.com.mx\/es\/wp-json\/wp\/v2\/comments?post=100219"}],"version-history":[{"count":5,"href":"https:\/\/etisa.com.mx\/es\/wp-json\/wp\/v2\/pages\/100219\/revisions"}],"predecessor-version":[{"id":1111470,"href":"https:\/\/etisa.com.mx\/es\/wp-json\/wp\/v2\/pages\/100219\/revisions\/1111470"}],"wp:attachment":[{"href":"https:\/\/etisa.com.mx\/es\/wp-json\/wp\/v2\/media?parent=100219"}],"curies":[{"name":"wp","href":"https:\/\/api.w.org\/{rel}","templated":true}]}}