{"id":1111398,"date":"2024-12-27T16:37:55","date_gmt":"2024-12-27T16:37:55","guid":{"rendered":"https:\/\/nuevo.etisa.com.mx\/?page_id=1111398"},"modified":"2025-01-27T10:12:42","modified_gmt":"2025-01-27T16:12:42","slug":"pongase-en-contacto-con","status":"publish","type":"page","link":"https:\/\/etisa.com.mx\/es\/pongase-en-contacto-con\/","title":{"rendered":"Contacto"},"content":{"rendered":"<body><p>[et_pb_section fb_built=\u201d1\u2033 admin_label=\u201dCTA 4\u2033 module_class=\u201dsfly_cta sfly_cta_4\u2033 _builder_version=\u201d4.16\u2033 background_color=\u201d#000000\u2033 custom_margin=\u201d||-20px|||\u201d custom_padding=\u201d0px||0px||true\u201d locked=\u201doff\u201d global_colors_info=\u201d{}\u201d][et_pb_row use_custom_gutter=\u201don\u201d gutter_width=\u201d1\u2033 module_class=\u201d et_pb_row_fullwidth\u201d _builder_version=\u201d4.16\u2033 width=\u201d100%\u201d width_tablet=\u201d100%\u201d width_phone=\u201d\u201d width_last_edited=\u201don|desktop\u201d max_width=\u201d100%\u201d max_width_tablet=\u201d100%\u201d max_width_phone=\u201d\u201d max_width_last_edited=\u201don|desktop\u201d custom_padding=\u201d0px||0px||true\u201d make_fullwidth=\u201don\u201d global_colors_info=\u201d{}\u201d][et_pb_column type=\u201d4_4\u2033 _builder_version=\u201d4.16\u2033 custom_padding=\u201d|||\u201d global_colors_info=\u201d{}\u201d custom_padding__hover=\u201d|||\u201d][et_pb_text _builder_version=\u201d4.27.4\u2033 text_font=\u201d||||||||\u201d header_font=\u201d||||||||\u201d header_3_font=\u201d|700|||||||\u201d text_orientation=\u201dcenter\u201d background_layout=\u201ddark\u201d custom_margin=\u201d|||\u201d custom_padding=\u201d30px||30px||true|false\u201d global_colors_info=\u201d{}\u201d]<\/p>\n<h3><\/h3>\n<p>[\/et_pb_text][\/et_pb_column][\/et_pb_row][\/et_pb_section][et_pb_section fb_built=\u201d1\u2033 admin_label=\u201dContact 4\u2033 module_class=\u201dsfly_contact sfly_contact_4 content\u201d _builder_version=\u201d4.27.4\u2033 background_image=\u201dhttps:\/\/etisa.com.mx\/wp-content\/uploads\/2024\/12\/105.png\u201d min_height=\u201d625.5px\u201d custom_margin=\u201d18px|||||\u201d global_colors_info=\u201d{}\u201d][et_pb_row column_structure=\u201d1_2,1_2\u2033 custom_padding_last_edited=\u201don|phone\u201d module_class=\u201dcontent\u201d _builder_version=\u201d4.16\u2033 background_color=\u201d#ffffff\u201d custom_margin=\u201d|||\u201d custom_padding=\u201d5%|5%|5%|5%|true|true\u201d custom_padding_tablet=\u201d\u201d custom_padding_phone=\u201d10%|10%|10%|10%|true|true\u201d box_shadow_style=\u201dpreset1\u2033 box_shadow_vertical=\u201d0px\u201d box_shadow_blur=\u201d80px\u201d locked=\u201doff\u201d global_colors_info=\u201d{}\u201d][et_pb_column type=\u201d1_2\u2033 module_class=\u201dcolumn1\u2033 _builder_version=\u201d4.16\u2033 custom_padding=\u201d|||\u201d global_colors_info=\u201d{}\u201d custom_padding__hover=\u201d|||\u201d][et_pb_text quote_border_weight=\u201d0px\u201d quote_border_color=\u201drgba(0,0,0,0)\u201d _builder_version=\u201d4.27.4\u2033 text_font=\u201d||||||||\u201d link_font=\u201d|100|||on|||#000000|\u201d link_text_color=\u201d#000000\u2033 quote_font=\u201dPlayfair Display||on||||||\u201d quote_text_color=\u201d#000000\u2033 quote_line_height=\u201d1.3em\u201d header_font=\u201d|700|||||||\u201d header_2_font=\u201d|700|||||||\u201d header_3_font=\u201d|700|||||||\u201d header_3_text_color=\u201d#000000\u2033 header_4_letter_spacing=\u201d12px\u201d header_5_font=\u201d|300|||||||\u201d header_5_text_color=\u201d#bfbfbf\u201d header_5_letter_spacing=\u201d12px\u201d header_6_font=\u201d|700|||||||\u201d header_6_letter_spacing=\u201d12px\u201d module_alignment=\u201dleft\u201d custom_margin_tablet=\u201d|||\u201d custom_margin_phone=\u201d\u201d custom_margin_last_edited=\u201don|tablet\u201d custom_padding=\u201d|||\u201d animation_style=\u201dfade\u201d hover_enabled=\u201d0\u2033 quote_font_size_tablet=\u201d\u201d quote_font_size_phone=\u201d\u201d quote_font_size_last_edited=\u201don|desktop\u201d saved_tabs=\u201dall\u201d locked=\u201doff\u201d global_colors_info=\u201d{}\u201d sticky_enabled=\u201d0\u2033 header_font_size=\u201d47px\u201d header_2_font_size_last_edited=\u201don|phone\u201d header_2_font_size_phone=\u201d25px\u201d]<\/p>\n<h2>Ready to transform your business?<\/h2>\n<p><span>Schedule a call with us today! Whether you have specific questions, need guidance on your next big idea, or want to explore how our solutions can drive your business forward, we\u2019re here to help.<\/span><\/p>\n<p>[\/et_pb_text][\/et_pb_column][et_pb_column type=\u201d1_2\u2033 module_class=\u201dcolumn2\u2033 _builder_version=\u201d4.16\u2033 custom_padding=\u201d|||\u201d custom_padding_tablet=\u201d35px|||\u201d custom_padding_phone=\u201d\u201d custom_padding_last_edited=\u201don|tablet\u201d global_colors_info=\u201d{}\u201d padding_tablet=\u201d35px|||\u201d padding_last_edited=\u201don|tablet\u201d custom_padding__hover=\u201d|||\u201d padding_phone=\u201d35px|||\u201d][et_pb_contact_form use_spam_service=\u201don\u201d recaptcha_list=\u201dEtisa-0\u2033 email=\u201dventas@etisa.com.mx\u201d module_id=\u201det_pb_contact_form_0\u2033 _builder_version=\u201d4.27.4\u2033 form_field_font=\u201d||||||||\u201d custom_button=\u201don\u201d button_font=\u201d|600|||||||\u201d button_use_icon=\u201doff\u201d animation_style=\u201dfade\u201d animation_delay=\u201d500ms\u201d global_colors_info=\u201d{}\u201d][et_pb_contact_field field_id=\u201dName\u201d field_title=\u201dName\u201d _builder_version=\u201d4.16\u2033 global_colors_info=\u201d{}\u201d button_text_size__hover_enabled=\u201doff\u201d button_one_text_size__hover_enabled=\u201doff\u201d button_two_text_size__hover_enabled=\u201doff\u201d button_text_color__hover_enabled=\u201doff\u201d button_one_text_color__hover_enabled=\u201doff\u201d button_two_text_color__hover_enabled=\u201doff\u201d button_border_width__hover_enabled=\u201doff\u201d button_one_border_width__hover_enabled=\u201doff\u201d button_two_border_width__hover_enabled=\u201doff\u201d button_border_color__hover_enabled=\u201doff\u201d button_one_border_color__hover_enabled=\u201doff\u201d button_two_border_color__hover_enabled=\u201doff\u201d button_border_radius__hover_enabled=\u201doff\u201d button_one_border_radius__hover_enabled=\u201doff\u201d button_two_border_radius__hover_enabled=\u201doff\u201d button_letter_spacing__hover_enabled=\u201doff\u201d button_one_letter_spacing__hover_enabled=\u201doff\u201d button_two_letter_spacing__hover_enabled=\u201doff\u201d button_bg_color__hover_enabled=\u201doff\u201d button_one_bg_color__hover_enabled=\u201doff\u201d button_two_bg_color__hover_enabled=\u201doff\u201d][\/et_pb_contact_field][et_pb_contact_field field_id=\u201dEmail\u201d field_title=\u201dEmail Address\u201d field_type=\u201demail\u201d _builder_version=\u201d4.16\u2033 global_colors_info=\u201d{}\u201d button_text_size__hover_enabled=\u201doff\u201d button_one_text_size__hover_enabled=\u201doff\u201d button_two_text_size__hover_enabled=\u201doff\u201d button_text_color__hover_enabled=\u201doff\u201d button_one_text_color__hover_enabled=\u201doff\u201d button_two_text_color__hover_enabled=\u201doff\u201d button_border_width__hover_enabled=\u201doff\u201d button_one_border_width__hover_enabled=\u201doff\u201d button_two_border_width__hover_enabled=\u201doff\u201d button_border_color__hover_enabled=\u201doff\u201d button_one_border_color__hover_enabled=\u201doff\u201d button_two_border_color__hover_enabled=\u201doff\u201d button_border_radius__hover_enabled=\u201doff\u201d button_one_border_radius__hover_enabled=\u201doff\u201d button_two_border_radius__hover_enabled=\u201doff\u201d button_letter_spacing__hover_enabled=\u201doff\u201d button_one_letter_spacing__hover_enabled=\u201doff\u201d button_two_letter_spacing__hover_enabled=\u201doff\u201d button_bg_color__hover_enabled=\u201doff\u201d button_one_bg_color__hover_enabled=\u201doff\u201d button_two_bg_color__hover_enabled=\u201doff\u201d][\/et_pb_contact_field][et_pb_contact_field field_id=\u201dPhone\u201d field_title=\u201dPhone\u201d required_mark=\u201doff\u201d fullwidth_field=\u201don\u201d _builder_version=\u201d4.16\u2033 global_colors_info=\u201d{}\u201d button_text_size__hover_enabled=\u201doff\u201d button_one_text_size__hover_enabled=\u201doff\u201d button_two_text_size__hover_enabled=\u201doff\u201d button_text_color__hover_enabled=\u201doff\u201d button_one_text_color__hover_enabled=\u201doff\u201d button_two_text_color__hover_enabled=\u201doff\u201d button_border_width__hover_enabled=\u201doff\u201d button_one_border_width__hover_enabled=\u201doff\u201d button_two_border_width__hover_enabled=\u201doff\u201d button_border_color__hover_enabled=\u201doff\u201d button_one_border_color__hover_enabled=\u201doff\u201d button_two_border_color__hover_enabled=\u201doff\u201d button_border_radius__hover_enabled=\u201doff\u201d button_one_border_radius__hover_enabled=\u201doff\u201d button_two_border_radius__hover_enabled=\u201doff\u201d button_letter_spacing__hover_enabled=\u201doff\u201d button_one_letter_spacing__hover_enabled=\u201doff\u201d button_two_letter_spacing__hover_enabled=\u201doff\u201d button_bg_color__hover_enabled=\u201doff\u201d button_one_bg_color__hover_enabled=\u201doff\u201d button_two_bg_color__hover_enabled=\u201doff\u201d][\/et_pb_contact_field][et_pb_contact_field field_id=\u201dMessage\u201d field_title=\u201dMessage \/ Questions?\u201d field_type=\u201dtext\u201d fullwidth_field=\u201don\u201d _builder_version=\u201d4.16\u2033 global_colors_info=\u201d{}\u201d button_text_size__hover_enabled=\u201doff\u201d button_one_text_size__hover_enabled=\u201doff\u201d button_two_text_size__hover_enabled=\u201doff\u201d button_text_color__hover_enabled=\u201doff\u201d button_one_text_color__hover_enabled=\u201doff\u201d button_two_text_color__hover_enabled=\u201doff\u201d button_border_width__hover_enabled=\u201doff\u201d button_one_border_width__hover_enabled=\u201doff\u201d button_two_border_width__hover_enabled=\u201doff\u201d button_border_color__hover_enabled=\u201doff\u201d button_one_border_color__hover_enabled=\u201doff\u201d button_two_border_color__hover_enabled=\u201doff\u201d button_border_radius__hover_enabled=\u201doff\u201d button_one_border_radius__hover_enabled=\u201doff\u201d button_two_border_radius__hover_enabled=\u201doff\u201d button_letter_spacing__hover_enabled=\u201doff\u201d button_one_letter_spacing__hover_enabled=\u201doff\u201d button_two_letter_spacing__hover_enabled=\u201doff\u201d button_bg_color__hover_enabled=\u201doff\u201d button_one_bg_color__hover_enabled=\u201doff\u201d button_two_bg_color__hover_enabled=\u201doff\u201d][\/et_pb_contact_field][\/et_pb_contact_form][\/et_pb_column][\/et_pb_row][\/et_pb_section][et_pb_section fb_built=\u201d1\u2033 admin_label=\u201dContact 4\u2033 module_class=\u201dsfly_contact sfly_contact_4\u2033 _builder_version=\u201d4.16\u2033 custom_padding=\u201d0px||0px||true\u201d global_colors_info=\u201d{}\u201d][et_pb_row use_custom_gutter=\u201don\u201d gutter_width=\u201d1\u2033 module_class=\u201d et_pb_row_fullwidth\u201d _builder_version=\u201d4.16\u2033 width=\u201d100%\u201d width_tablet=\u201d100%\u201d width_phone=\u201d\u201d width_last_edited=\u201don|desktop\u201d max_width=\u201d100%\u201d max_width_tablet=\u201d100%\u201d max_width_phone=\u201d\u201d max_width_last_edited=\u201don|desktop\u201d custom_padding=\u201d0px||0px||true\u201d make_fullwidth=\u201don\u201d global_colors_info=\u201d{}\u201d][et_pb_column type=\u201d4_4\u2033 _builder_version=\u201d4.16\u2033 custom_padding=\u201d|||\u201d global_colors_info=\u201d{}\u201d custom_padding__hover=\u201d|||\u201d][et_pb_map address=\u201dCorporativo Prisma, Av. Insurgentes Sur 1647, San Jos\u00e9 Insurgentes, Benito Ju\u00e1rez, 03900 Ciudad de M\u00e9xico, CDMX, M\u00e9xico\u201d zoom_level=\u201d17\u2033 address_lat=\u201d19.363145733352\u2033 address_lng=\u201d-99.18213875687\u2033 mouse_wheel=\u201doff\u201d use_grayscale_filter=\u201don\u201d grayscale_filter_amount=\u201d100\u2033 _builder_version=\u201d4.27.4\u2033 locked=\u201doff\u201d global_colors_info=\u201d{}\u201d][et_pb_map_pin title=\u201dETISA\u201d pin_address=\u201dCorporativo Prisma, Av. Insurgentes Sur 1647, San Jos\u00e9 Insurgentes, Benito Ju\u00e1rez, 03900 Ciudad de M\u00e9xico, CDMX, M\u00e9xico\u201d zoom_level=\u201d17\u2033 pin_address_lat=\u201d19.36267\u2033 pin_address_lng=\u201d-99.1833082\u2033 _builder_version=\u201d4.27.4\u2033 global_colors_info=\u201d{}\u201d][\/et_pb_map_pin][\/et_pb_map][\/et_pb_column][\/et_pb_row][\/et_pb_section]<\/p>\n<\/body>","protected":false},"excerpt":{"rendered":"<p>Ready to transform your business? Schedule a call with us today! Whether you have specific questions, need guidance on your next big idea, or want to explore how our solutions can drive your business forward, we\u2019re here to help.<\/p>","protected":false},"author":1,"featured_media":0,"parent":0,"menu_order":0,"comment_status":"closed","ping_status":"closed","template":"","meta":{"_et_pb_use_builder":"on","_et_pb_old_content":"","_et_gb_content_width":"","content-type":"","footnotes":""},"class_list":["post-1111398","page","type-page","status-publish","hentry"],"jetpack_sharing_enabled":true,"_links":{"self":[{"href":"https:\/\/etisa.com.mx\/es\/wp-json\/wp\/v2\/pages\/1111398","targetHints":{"allow":["GET"]}}],"collection":[{"href":"https:\/\/etisa.com.mx\/es\/wp-json\/wp\/v2\/pages"}],"about":[{"href":"https:\/\/etisa.com.mx\/es\/wp-json\/wp\/v2\/types\/page"}],"author":[{"embeddable":true,"href":"https:\/\/etisa.com.mx\/es\/wp-json\/wp\/v2\/users\/1"}],"replies":[{"embeddable":true,"href":"https:\/\/etisa.com.mx\/es\/wp-json\/wp\/v2\/comments?post=1111398"}],"version-history":[{"count":5,"href":"https:\/\/etisa.com.mx\/es\/wp-json\/wp\/v2\/pages\/1111398\/revisions"}],"predecessor-version":[{"id":1111579,"href":"https:\/\/etisa.com.mx\/es\/wp-json\/wp\/v2\/pages\/1111398\/revisions\/1111579"}],"wp:attachment":[{"href":"https:\/\/etisa.com.mx\/es\/wp-json\/wp\/v2\/media?parent=1111398"}],"curies":[{"name":"wp","href":"https:\/\/api.w.org\/{rel}","templated":true}]}}