{"id":4,"date":"2024-11-19T16:51:32","date_gmt":"2024-11-19T16:51:32","guid":{"rendered":"https:\/\/nuevo.etisa.com.mx\/?page_id=3"},"modified":"2025-07-16T18:44:18","modified_gmt":"2025-07-17T00:44:18","slug":"politica-de-privacidad","status":"publish","type":"page","link":"https:\/\/etisa.com.mx\/es\/politica-de-privacidad\/","title":{"rendered":"Pol\u00edtica de privacidad"},"content":{"rendered":"<body><p>[et_pb_section fb_built=\u201d1\u2033 fullwidth=\u201don\u201d _builder_version=\u201d4.27.3\u2033 _module_preset=\u201ddefault\u201d global_colors_info=\u201d{}\u201d][et_pb_fullwidth_header title=\u201dETISA Privacy Policy\u201d subhead=\u201dLast Update: January 10, 2025\u2033 _builder_version=\u201d4.27.4\u2033 _module_preset=\u201ddefault\u201d hover_enabled=\u201d0\u2033 global_colors_info=\u201d{}\u201d sticky_enabled=\u201d0\u2033][\/et_pb_fullwidth_header][\/et_pb_section][et_pb_section fb_built=\u201d1\u2033 admin_label=\u201dsection\u201d _builder_version=\u201d4.16\u2033 global_colors_info=\u201d{}\u201d][et_pb_row admin_label=\u201drow\u201d _builder_version=\u201d4.16\u2033 background_size=\u201dinitial\u201d background_position=\u201dtop_left\u201d background_repeat=\u201drepeat\u201d global_colors_info=\u201d{}\u201d][et_pb_column type=\u201d4_4\u2033 _builder_version=\u201d4.16\u2033 custom_padding=\u201d|||\u201d global_colors_info=\u201d{}\u201d custom_padding__hover=\u201d|||\u201d][et_pb_text _builder_version=\u201d4.27.4\u2033 _module_preset=\u201ddefault\u201d global_colors_info=\u201d{}\u201d]<\/p>\n<h3><strong>Privacy Notice<\/strong><\/h3>\n<p>\u00a0<\/p>\n<p>ESTRATEGIAS EN TECNOLOGIA DE INFORMACION, SA de CV hereinafter referred to as \u201cETISA,\u201d with address at Av. Insurgentes Sur, 1647, Col. San Jos\u00e9 Insurgentes, Alcald\u00eda Benito Ju\u00e1rez, Mexico City, CP 03900, in compliance with the provisions of the Federal Law on the Protection of Personal Data Held by Private Parties (LFPDPPP), its regulations, and other applicable regulations, issues this Privacy Notice directed at individuals interested in our services, with the aim of informing them about the handling of their personal data.<\/p>\n<p>\u00a0<\/p>\n<h6>1. Acceptance of the Privacy Notice<\/h6>\n<p>By providing their contact information to ETISA, interested parties accept that their data will be processed in accordance with the terms and conditions of this Privacy Notice. If they do not agree with the processing of their data, they must communicate this in writing to the company\u2019s administration department at <strong>info@etisa.com.mx.<\/strong><\/p>\n<p>\u00a0<\/p>\n<h6>2. Personal Data Collected<\/h6>\n<p>The personal data that will be collected includes, among others:<\/p>\n<p>\u2013 Full name.<\/p>\n<p>\u2013 Email address.<\/p>\n<p>\u2013 Contact phone number.<\/p>\n<p>\u2013 Subject to be addressed.<\/p>\n<p>\u2013 Resumes (in case of applying to our job openings).<\/p>\n<p>\u00a0<\/p>\n<h6>3. Responsible for Collecting Personal Data<\/h6>\n<p>ETISA is responsible for the collection, use, protection, and processing of the personal data provided on the website, in compliance with the LFPDPPP.<\/p>\n<p>\u00a0<\/p>\n<h6>4. Purpose of Collecting Personal Data<\/h6>\n<p><em>Primary purposes:\u00a0<\/em><\/p>\n<p>\u2013 To contact users interested in our services to provide information and\/or coordinate meetings to present our service portfolio.<\/p>\n<p>\u2013 To evaluate candidates applying through our job openings.<\/p>\n<p>\u00a0<\/p>\n<p><em>Secondary purposes:\u00a0<\/em><\/p>\n<p>\u2013 To send relevant information about services, promotions, or updates related to ETISA.<\/p>\n<p>If you do not wish for your data to be used for secondary purposes, you can express this by sending an email to: <strong>info@etisa.com.mx<\/strong>.<\/p>\n<h6><\/h6>\n<h6>5. Options to Limit the Use or Disclosure of Personal Data<\/h6>\n<p>Interested parties may request that the use or disclosure of their personal data be limited by submitting a written request to ETISA\u2019s administration department at <strong>info@etisa.com.mx<\/strong> or at the previously mentioned address.<\/p>\n<p>\u00a0<\/p>\n<h6>6. ARCO Rights (Access, Rectification, Cancellation, and Opposition)<\/h6>\n<p>You have the right to access, rectify, cancel, or oppose the processing of your personal data (ARCO rights), in accordance with Articles 22 and 23 of the LFPDPPP. To exercise these rights, you can send your request to our personal data department via email: <strong>info@etisa.com.mx<\/strong>. Your request must contain the following information:<\/p>\n<p>\u2013 Full name of the holder.<\/p>\n<p>\u2013 Copy of an official identification.<\/p>\n<p>\u2013 Clear and precise description of the personal data regarding which you wish to exercise any ARCO rights.<\/p>\n<p>\u2013 Any other element that facilitates locating the data.<\/p>\n<p>\u00a0<\/p>\n<p>We will respond to your request within a maximum period of 20 business days, as stipulated in Article 32 of the LFPDPPP.<\/p>\n<p>\u00a0<\/p>\n<h6>7. Data Transfer to Third Parties<\/h6>\n<p>Your personal data will not be shared with third parties without your consent, except in cases provided for by the Federal Law on the Protection of Personal Data Held by Private Parties (LFPDPPP) and other applicable legal provisions.<\/p>\n<p>\u00a0<\/p>\n<h6>8. Modifications to the Privacy Notice<\/h6>\n<p><span>ETISA reserves the right to make modifications or updates to this Privacy Notice at any time, in compliance with Chapter II of the LFPDPPP. Such modifications will be available through our website\u00a0<a target=\"_blank\" rel=\"nofollow noopener\" class=\"break-word hover:text-super hover:decoration-super dark:hover:text-superDark dark:hover:decoration-superDark underline decoration-from-font underline-offset-1 transition-all duration-300\" href=\"https:\/\/www.etisa.com.mx\/\">https:\/\/www.etisa.com.mx<\/a>.<\/span><span><\/span><\/p>\n<p><span><\/span><\/p>\n<h6><span><\/span>9. Acceptance and Signature<\/h6>\n<p><span><br>By filling out the form and submitting your data, I grant my consent for the processing of my personal data in accordance with the terms established in this document and in the Privacy Notice provided by ETISA.<\/span><span><\/span><\/p>\n<p><span><\/span><\/p>\n<p><em>This notice was last updated on January 10, 2025.<\/em><\/p>\n<p><em><span class=\"mt-md block\"><\/span>This document complies with the requirements established in the Federal Law on the Protection of Personal Data Held by Private Parties (LFPDPPP) and is designed to ensure the privacy and security of personal information from associates.<\/em><\/p>\n<p>[\/et_pb_text][\/et_pb_column][\/et_pb_row][\/et_pb_section]<\/p>\n<\/body>","protected":false},"excerpt":{"rendered":"<p>Privacy Notice &nbsp; ESTRATEGIAS EN TECNOLOGIA DE INFORMACION, SA de CV hereinafter referred to as &#8220;ETISA,&#8221; with address at Av. Insurgentes Sur, 1647, Col. San Jos\u00e9 Insurgentes, Alcald\u00eda Benito Ju\u00e1rez, Mexico City, CP 03900, in compliance with the provisions of the Federal Law on the Protection of Personal Data Held by Private Parties (LFPDPPP), its [&hellip;]<\/p>\n","protected":false},"author":1,"featured_media":0,"parent":0,"menu_order":0,"comment_status":"closed","ping_status":"open","template":"","meta":{"_et_pb_use_builder":"on","_et_pb_old_content":"<!-- wp:heading -->\n<h2 class=\"wp-block-heading\">Who we are<\/h2>\n<!-- \/wp:heading -->\n<!-- wp:paragraph -->\n<p><strong class=\"privacy-policy-tutorial\">Suggested text: <\/strong>Our website address is: https:\/\/etisa.com.mx.<\/p>\n<!-- \/wp:paragraph -->\n<!-- wp:heading -->\n<h2 class=\"wp-block-heading\">Comments<\/h2>\n<!-- \/wp:heading -->\n<!-- wp:paragraph -->\n<p><strong class=\"privacy-policy-tutorial\">Suggested text: <\/strong>When visitors leave comments on the site we collect the data shown in the comments form, and also the visitor&#8217;s IP address and browser user agent string to help spam detection.<\/p>\n<!-- \/wp:paragraph -->\n<!-- wp:paragraph -->\n<p>An anonymized string created from your email address (also called a hash) may be provided to the Gravatar service to see if you are using it. The Gravatar service privacy policy is available here: https:\/\/automattic.com\/privacy\/. After approval of your comment, your profile picture is visible to the public in the context of your comment.<\/p>\n<!-- \/wp:paragraph -->\n<!-- wp:heading -->\n<h2 class=\"wp-block-heading\">Media<\/h2>\n<!-- \/wp:heading -->\n<!-- wp:paragraph -->\n<p><strong class=\"privacy-policy-tutorial\">Suggested text: <\/strong>If you upload images to the website, you should avoid uploading images with embedded location data (EXIF GPS) included. Visitors to the website can download and extract any location data from images on the website.<\/p>\n<!-- \/wp:paragraph -->\n<!-- wp:heading -->\n<h2 class=\"wp-block-heading\">Cookies<\/h2>\n<!-- \/wp:heading -->\n<!-- wp:paragraph -->\n<p><strong class=\"privacy-policy-tutorial\">Suggested text: <\/strong>If you leave a comment on our site you may opt-in to saving your name, email address and website in cookies. These are for your convenience so that you do not have to fill in your details again when you leave another comment. These cookies will last for one year.<\/p>\n<!-- \/wp:paragraph -->\n<!-- wp:paragraph -->\n<p>If you visit our login page, we will set a temporary cookie to determine if your browser accepts cookies. This cookie contains no personal data and is discarded when you close your browser.<\/p>\n<!-- \/wp:paragraph -->\n<!-- wp:paragraph -->\n<p>When you log in, we will also set up several cookies to save your login information and your screen display choices. Login cookies last for two days, and screen options cookies last for a year. If you select &quot;Remember Me&quot;, your login will persist for two weeks. If you log out of your account, the login cookies will be removed.<\/p>\n<!-- \/wp:paragraph -->\n<!-- wp:paragraph -->\n<p>If you edit or publish an article, an additional cookie will be saved in your browser. This cookie includes no personal data and simply indicates the post ID of the article you just edited. It expires after 1 day.<\/p>\n<!-- \/wp:paragraph -->\n<!-- wp:heading -->\n<h2 class=\"wp-block-heading\">Embedded content from other websites<\/h2>\n<!-- \/wp:heading -->\n<!-- wp:paragraph -->\n<p><strong class=\"privacy-policy-tutorial\">Suggested text: <\/strong>Articles on this site may include embedded content (e.g. videos, images, articles, etc.). Embedded content from other websites behaves in the exact same way as if the visitor has visited the other website.<\/p>\n<!-- \/wp:paragraph -->\n<!-- wp:paragraph -->\n<p>These websites may collect data about you, use cookies, embed additional third-party tracking, and monitor your interaction with that embedded content, including tracking your interaction with the embedded content if you have an account and are logged in to that website.<\/p>\n<!-- \/wp:paragraph -->\n<!-- wp:heading -->\n<h2 class=\"wp-block-heading\">Who we share your data with<\/h2>\n<!-- \/wp:heading -->\n<!-- wp:paragraph -->\n<p><strong class=\"privacy-policy-tutorial\">Suggested text: <\/strong>If you request a password reset, your IP address will be included in the reset email.<\/p>\n<!-- \/wp:paragraph -->\n<!-- wp:heading -->\n<h2 class=\"wp-block-heading\">How long we retain your data<\/h2>\n<!-- \/wp:heading -->\n<!-- wp:paragraph -->\n<p><strong class=\"privacy-policy-tutorial\">Suggested text: <\/strong>If you leave a comment, the comment and its metadata are retained indefinitely. This is so we can recognize and approve any follow-up comments automatically instead of holding them in a moderation queue.<\/p>\n<!-- \/wp:paragraph -->\n<!-- wp:paragraph -->\n<p>For users that register on our website (if any), we also store the personal information they provide in their user profile. All users can see, edit, or delete their personal information at any time (except they cannot change their username). Website administrators can also see and edit that information.<\/p>\n<!-- \/wp:paragraph -->\n<!-- wp:heading -->\n<h2 class=\"wp-block-heading\">What rights you have over your data<\/h2>\n<!-- \/wp:heading -->\n<!-- wp:paragraph -->\n<p><strong class=\"privacy-policy-tutorial\">Suggested text: <\/strong>If you have an account on this site, or have left comments, you can request to receive an exported file of the personal data we hold about you, including any data you have provided to us. You can also request that we erase any personal data we hold about you. This does not include any data we are obliged to keep for administrative, legal, or security purposes.<\/p>\n<!-- \/wp:paragraph -->\n<!-- wp:heading -->\n<h2 class=\"wp-block-heading\">Where your data is sent<\/h2>\n<!-- \/wp:heading -->\n<!-- wp:paragraph -->\n<p><strong class=\"privacy-policy-tutorial\">Suggested text: <\/strong>Visitor comments may be checked through an automated spam detection service.<\/p>\n<!-- \/wp:paragraph -->\n","_et_gb_content_width":"","content-type":"","footnotes":""},"class_list":["post-4","page","type-page","status-publish","hentry"],"jetpack_sharing_enabled":true,"_links":{"self":[{"href":"https:\/\/etisa.com.mx\/es\/wp-json\/wp\/v2\/pages\/4","targetHints":{"allow":["GET"]}}],"collection":[{"href":"https:\/\/etisa.com.mx\/es\/wp-json\/wp\/v2\/pages"}],"about":[{"href":"https:\/\/etisa.com.mx\/es\/wp-json\/wp\/v2\/types\/page"}],"author":[{"embeddable":true,"href":"https:\/\/etisa.com.mx\/es\/wp-json\/wp\/v2\/users\/1"}],"replies":[{"embeddable":true,"href":"https:\/\/etisa.com.mx\/es\/wp-json\/wp\/v2\/comments?post=4"}],"version-history":[{"count":4,"href":"https:\/\/etisa.com.mx\/es\/wp-json\/wp\/v2\/pages\/4\/revisions"}],"predecessor-version":[{"id":1111654,"href":"https:\/\/etisa.com.mx\/es\/wp-json\/wp\/v2\/pages\/4\/revisions\/1111654"}],"wp:attachment":[{"href":"https:\/\/etisa.com.mx\/es\/wp-json\/wp\/v2\/media?parent=4"}],"curies":[{"name":"wp","href":"https:\/\/api.w.org\/{rel}","templated":true}]}}